{"id":7,"date":"2014-05-23T11:26:25","date_gmt":"2014-05-23T11:26:25","guid":{"rendered":"http:\/\/radelnindensonnenaufgang.wordpress.com\/?page_id=7"},"modified":"2014-12-17T10:36:37","modified_gmt":"2014-12-17T10:36:37","slug":"strecke","status":"publish","type":"page","link":"http:\/\/radeln-in-den-sonnenaufgang.de\/?page_id=7","title":{"rendered":"Strecke"},"content":{"rendered":"<p><iframe loading=\"lazy\" width=\"100%\" height=\"450px\" frameBorder=\"0\" src=\"http:\/\/umap.openstreetmap.fr\/de\/map\/freiburg-isfahan_9407?scaleControl=true&#038;miniMap=false&#038;scrollWheelZoom=true&#038;zoomControl=true&#038;allowEdit=false&#038;moreControl=true&#038;datalayersControl=true&#038;onLoadPanel=undefined\"><\/iframe><\/p>\n<p><a href=\"http:\/\/umap.openstreetmap.fr\/de\/map\/freiburg-isfahan_9407\">Vollbildanzeige<\/a><\/p>\n<p style=\"text-align: justify;\">Nach der \u00dcberquerung des Schwarzwaldes folgten wir der Donau ab Donaueschingen. Der Fluss hat uns lange begleitet, durch S\u00fcddeutschland, \u00d6sterreich, Ungarn, die Slowakei, Kroatien, Serbien und Rum\u00e4nien. Er verbindet den Schwarzwald mit Wien, Budapest, Bratislava, Belgrad und m\u00fcndet ins schwarze Meer. Wir sind dem Fluss bis nach Rum\u00e4nien gefolgt und dann in den Balkan abgebogen. Danach ging es \u00fcber Istanbul am schwarzen Meer entlang durch die T\u00fcrkei. Am Ararat vorbei ging es in den Iran nach Tabris, Isfahan und Shiraz. Von hier aus haben wir uns mit Bus und Bahn zur\u00fcck nach Freiburg begeben.<\/p>\n","protected":false},"excerpt":{"rendered":"<p>Vollbildanzeige Nach der \u00dcberquerung des Schwarzwaldes folgten wir der Donau ab Donaueschingen. Der Fluss hat uns lange begleitet, durch S\u00fcddeutschland, \u00d6sterreich, Ungarn, die Slowakei, Kroatien, Serbien und Rum\u00e4nien. Er verbindet den Schwarzwald mit Wien, Budapest, Bratislava, Belgrad und m\u00fcndet ins schwarze Meer. Wir sind dem Fluss bis nach Rum\u00e4nien gefolgt und dann in den Balkan &hellip; <a href=\"http:\/\/radeln-in-den-sonnenaufgang.de\/?page_id=7\" class=\"more-link\"><span class=\"screen-reader-text\">Strecke<\/span> weiterlesen <span class=\"meta-nav\">&rarr;<\/span><\/a><\/p>\n","protected":false},"author":1,"featured_media":0,"parent":0,"menu_order":0,"comment_status":"open","ping_status":"open","template":"","meta":{"ngg_post_thumbnail":0},"_links":{"self":[{"href":"http:\/\/radeln-in-den-sonnenaufgang.de\/index.php?rest_route=\/wp\/v2\/pages\/7"}],"collection":[{"href":"http:\/\/radeln-in-den-sonnenaufgang.de\/index.php?rest_route=\/wp\/v2\/pages"}],"about":[{"href":"http:\/\/radeln-in-den-sonnenaufgang.de\/index.php?rest_route=\/wp\/v2\/types\/page"}],"author":[{"embeddable":true,"href":"http:\/\/radeln-in-den-sonnenaufgang.de\/index.php?rest_route=\/wp\/v2\/users\/1"}],"replies":[{"embeddable":true,"href":"http:\/\/radeln-in-den-sonnenaufgang.de\/index.php?rest_route=%2Fwp%2Fv2%2Fcomments&post=7"}],"version-history":[{"count":15,"href":"http:\/\/radeln-in-den-sonnenaufgang.de\/index.php?rest_route=\/wp\/v2\/pages\/7\/revisions"}],"predecessor-version":[{"id":1300,"href":"http:\/\/radeln-in-den-sonnenaufgang.de\/index.php?rest_route=\/wp\/v2\/pages\/7\/revisions\/1300"}],"wp:attachment":[{"href":"http:\/\/radeln-in-den-sonnenaufgang.de\/index.php?rest_route=%2Fwp%2Fv2%2Fmedia&parent=7"}],"curies":[{"name":"wp","href":"https:\/\/api.w.org\/{rel}","templated":true}]}}