{"id":93,"date":"2014-06-04T16:30:55","date_gmt":"2014-06-04T16:30:55","guid":{"rendered":"http:\/\/radeln-in-den-sonnenaufgang.de\/?page_id=93"},"modified":"2014-06-23T07:41:34","modified_gmt":"2014-06-23T07:41:34","slug":"radreisende","status":"publish","type":"page","link":"http:\/\/radeln-in-den-sonnenaufgang.de\/?page_id=93","title":{"rendered":"Radreisende"},"content":{"rendered":"<p style=\"text-align: justify;\">Wir sind Linda, Martin und Julian, alle Mitte zwanzig und Studierende der Umweltwissenschaften. Wir kennen uns seit vielen Jahren gemeinsamen Studiums und Reisens. Die Idee zu einer langen Radreise entstand parallel, schnell waren Mitstreiter f\u00fcr die Verwirklichung dieses Projekt gefunden, mit der wir diese Freundschaft auf die Probe stellen wollen.<\/p>\n<p style=\"text-align: left;\">Julian ist in Wiesbaden geboren und in <a href=\"http:\/\/radeln-in-den-sonnenaufgang.de\/wp-content\/uploads\/2014\/06\/DSC_0049.jpg\"><img decoding=\"async\" loading=\"lazy\" class=\"alignright  wp-image-157\" alt=\"Julian\" src=\"http:\/\/radeln-in-den-sonnenaufgang.de\/wp-content\/uploads\/2014\/06\/DSC_0049-300x200.jpg\" width=\"300\" height=\"200\" srcset=\"http:\/\/radeln-in-den-sonnenaufgang.de\/wp-content\/uploads\/2014\/06\/DSC_0049-300x200.jpg 300w, http:\/\/radeln-in-den-sonnenaufgang.de\/wp-content\/uploads\/2014\/06\/DSC_0049-1024x685.jpg 1024w\" sizes=\"(max-width: 300px) 100vw, 300px\" \/><\/a>einer hessischen Kleinstadt im Taunus sowie in Hamburg aufgewachsen. Das Fahrrad ist f\u00fcr ihn immer Verkehrsmittel Nummer eins gewesen und schon neben der Schule arbeitete er in einer Fahrradwerkstatt. Das Studium der Umweltwissenschaften in L\u00fcneburg und Freiburg hat seinen Blick auf Verkehrskonzepte und deren Umweltauswirkungen gest\u00e4rkt und zahlreiche Radreisen w\u00e4hrend des Studiums die \u00a0Leidenschaft f\u00fcr diese Fortbewegungsform gefestigt. In den letzten Jahren sammelte er auf dem Velo Radreisekilometer zwischen Freiburg \u2013 L\u00fcneburg \u2013 Kopenhagen \u2013 Usedom\u00a0 \u2013 Berlin\u00a0 und Danzig. Nicht auf einer Tour sondern auf einige aufgeteilt, aber dennoch zusammenh\u00e4ngend. Seine Interessen liegen im Bereich Kartographie, \u00d6kologie, Politik und nicht zuletzt beim Kulinarischen.<\/p>\n<p style=\"text-align: justify;\"><a href=\"http:\/\/radeln-in-den-sonnenaufgang.de\/wp-content\/uploads\/2014\/06\/DSC00355-Kopie-e1403206548253.jpg\"><img decoding=\"async\" loading=\"lazy\" class=\"wp-image-142 alignright\" alt=\"Linda\" src=\"http:\/\/radeln-in-den-sonnenaufgang.de\/wp-content\/uploads\/2014\/06\/DSC00355-Kopie-e1403206548253.jpg\" width=\"300\" height=\"200\" \/><\/a>F\u00fcr Linda war das Fahrrad in jungen Jahren die einzig sinnvolle und zuverl\u00e4ssige M\u00f6glichkeit, mobil zu sein. Diese Gewohnheit, das Rad sommers wie winters als Hauptverkehrsmittel zu nutzen, hat sich nie ge\u00e4ndert. H\u00e4ufig wurde es dem \u00d6PNV vorgezogen, um in Tagestouren das jeweilige Ziel zu erreichen. Auf Reisen bevorzugte sie bisher zu Fu\u00df unterwechs zu sein, um fernab des Verkehrs auf schmalen Wegen die Landschaften Europas zu erkunden. Durch einige Radreisen inspiriert \u00fcberzeugten sie die Vorz\u00fcge, per Rad weite Strecken zur\u00fcckzulegen und auf diese Weise ganz andere Eindr\u00fccke der durchquerten Gebiete zu sammeln.<\/p>\n<p style=\"text-align: justify;\">Martin stammt aus einem Dorf am <a href=\"http:\/\/radeln-in-den-sonnenaufgang.de\/wp-content\/uploads\/2014\/06\/alcapeq.jpg\"><img decoding=\"async\" loading=\"lazy\" class=\"alignright size-medium wp-image-181\" alt=\"Martin\" src=\"http:\/\/radeln-in-den-sonnenaufgang.de\/wp-content\/uploads\/2014\/06\/alcapeq-300x199.jpg\" width=\"300\" height=\"199\" srcset=\"http:\/\/radeln-in-den-sonnenaufgang.de\/wp-content\/uploads\/2014\/06\/alcapeq-300x199.jpg 300w, http:\/\/radeln-in-den-sonnenaufgang.de\/wp-content\/uploads\/2014\/06\/alcapeq-1024x682.jpg 1024w, http:\/\/radeln-in-den-sonnenaufgang.de\/wp-content\/uploads\/2014\/06\/alcapeq.jpg 1280w\" sizes=\"(max-width: 300px) 100vw, 300px\" \/><\/a>Nordrand des Kaiserstuhls in der N\u00e4he von Freiburg. In fr\u00fchen Jahren diente das Fahrrad haupts\u00e4chlich f\u00fcr Familienausfl\u00fcge an den Rhein und die n\u00e4here Umgebung. Sp\u00e4ter erm\u00f6glichte das Fahrrad unabh\u00e4ngig von sp\u00e4rlichen Busverbindungen und dem elterlichen &#8222;Taxi&#8220; die n\u00f6tige Mobilit\u00e4t um eigenst\u00e4ndig zu sein. Mit dem Umzug nach Freiburg und dem Beginn des Studiums der Umweltnaturwissenschaften wurde das Fahrrad mehr und mehr zum wichtigsten Verkehrsmittel. Durch die starke Benutzung seines stets reparaturbed\u00fcrftigen Stadtrades hat er seine Leidenschaft f\u00fcr das Schrauben entdeckt. Diese Freude an der Technik und dem Gestalten zeigt sich auch an seiner Vorliebe f\u00fcr die Fotografie. Nicht nur im heimatlichen Schwarzwald und Rheintal, sondern auch auf zahlreichen Reisen ist die Kamera sein st\u00e4ndiger Begleiter. Leider kann er aus zeitlichen Gr\u00fcnden voraussichtlich nur bis Budapest an der Tour teilnehmen.<\/p>\n","protected":false},"excerpt":{"rendered":"<p>Wir sind Linda, Martin und Julian, alle Mitte zwanzig und Studierende der Umweltwissenschaften. Wir kennen uns seit vielen Jahren gemeinsamen Studiums und Reisens. Die Idee zu einer langen Radreise entstand parallel, schnell waren Mitstreiter f\u00fcr die Verwirklichung dieses Projekt gefunden, mit der wir diese Freundschaft auf die Probe stellen wollen. Julian ist in Wiesbaden geboren &hellip; <a href=\"http:\/\/radeln-in-den-sonnenaufgang.de\/?page_id=93\" class=\"more-link\"><span class=\"screen-reader-text\">Radreisende<\/span> weiterlesen <span class=\"meta-nav\">&rarr;<\/span><\/a><\/p>\n","protected":false},"author":1,"featured_media":0,"parent":0,"menu_order":0,"comment_status":"open","ping_status":"open","template":"","meta":{"ngg_post_thumbnail":0},"_links":{"self":[{"href":"http:\/\/radeln-in-den-sonnenaufgang.de\/index.php?rest_route=\/wp\/v2\/pages\/93"}],"collection":[{"href":"http:\/\/radeln-in-den-sonnenaufgang.de\/index.php?rest_route=\/wp\/v2\/pages"}],"about":[{"href":"http:\/\/radeln-in-den-sonnenaufgang.de\/index.php?rest_route=\/wp\/v2\/types\/page"}],"author":[{"embeddable":true,"href":"http:\/\/radeln-in-den-sonnenaufgang.de\/index.php?rest_route=\/wp\/v2\/users\/1"}],"replies":[{"embeddable":true,"href":"http:\/\/radeln-in-den-sonnenaufgang.de\/index.php?rest_route=%2Fwp%2Fv2%2Fcomments&post=93"}],"version-history":[{"count":26,"href":"http:\/\/radeln-in-den-sonnenaufgang.de\/index.php?rest_route=\/wp\/v2\/pages\/93\/revisions"}],"predecessor-version":[{"id":183,"href":"http:\/\/radeln-in-den-sonnenaufgang.de\/index.php?rest_route=\/wp\/v2\/pages\/93\/revisions\/183"}],"wp:attachment":[{"href":"http:\/\/radeln-in-den-sonnenaufgang.de\/index.php?rest_route=%2Fwp%2Fv2%2Fmedia&parent=93"}],"curies":[{"name":"wp","href":"https:\/\/api.w.org\/{rel}","templated":true}]}}