{"id":124,"date":"2014-06-16T08:34:48","date_gmt":"2014-06-16T08:34:48","guid":{"rendered":"http:\/\/radeln-in-den-sonnenaufgang.de\/?page_id=124"},"modified":"2016-04-03T19:28:49","modified_gmt":"2016-04-03T19:28:49","slug":"links","status":"publish","type":"page","link":"https:\/\/radeln-in-den-sonnenaufgang.de\/?page_id=124","title":{"rendered":"Links &#038; Sponsoren"},"content":{"rendered":"<p>Diese Seiten und Menschen haben uns inspiriert und weitergeholfen:<\/p>\n<p>England to India: <a href=\"http:\/\/englandtoindia.blogspot.de\/\" target=\"_blank\">http:\/\/englandtoindia.blogspot.de<\/a><br \/>\nCycle-The-World: <a href=\"http:\/\/cycle-the-world.de\">http:\/\/cycle-the-world.de<\/a><br \/>\nZweiNachShanghai: <a href=\"http:\/\/www.zweinachshanghai.de\">http:\/\/www.zweinachshanghai.de<br \/>\n<\/a>Tastingtravels: <a href=\"http:\/\/www.tastingtravels.com\">http:\/\/www.tastingtravels.com<\/a><a href=\"http:\/\/radreise-forum.de\"><br \/>\n<\/a>Radreise-Forum:\u00a0<a href=\"http:\/\/radreise-forum.de\">http:\/\/radreise-forum.de<br \/>\n<\/a>Middle East Excusion: <a href=\"http:\/\/www.middleeastexcursion.com\/\" target=\"_blank\">http:\/\/www.middleeastexcursion.com<br \/>\n<\/a>Immer Nach Osten: <a title=\"http:\/\/www.immernachosten.de\" href=\"http:\/\/www.immernachosten.de\" target=\"_blank\">http:\/\/www.immernachosten.de<br \/>\n<\/a>Nathalie &amp; J\u00e9r\u00e9mie, Inde \u00e1 Velo: <a href=\"http:\/\/inde-a-velo.jeremiebt.com\/\">http:\/\/inde-a-velo.jeremiebt.com<\/a><\/p>\n<p>F\u00fcr die Unterst\u00fctzung bedanken wir uns bei:<\/p>\n<p><a title=\"http:\/\/www.nordisk.eu\/de\/fgreen\/produkte\/zelte\/tents-detail\/type\/tents\/categories\/nordland-3\/product_model\/si\/\" href=\"http:\/\/www.nordisk.eu\/de\/fgreen\/produkte\/zelte\/tents-detail\/type\/tents\/categories\/nordland-3\/product_model\/si\/\" target=\"_blank\">Nordisk<\/a><br \/>\n<a title=\"https:\/\/www.swisseye.com\/de\/sportbrillen\/details\/product\/novena\" href=\"https:\/\/www.swisseye.com\/de\/sportbrillen\/details\/product\/novena\" target=\"_blank\">Swiss Eye<\/a><br \/>\n<a title=\"http:\/\/www.kompass.de\/\" href=\"http:\/\/www.kompass.de\/\" target=\"_blank\">Kompass<\/a><br \/>\n<a href=\"http:\/\/kimlanger1989.jimdo.com\/\" target=\"_blank\">Kim Langer Fahrr\u00e4der<br \/>\n<\/a><a title=\"outdoorshop\" href=\"http:\/\/www.outdoorshop.de\" target=\"_blank\">outdoorshop.de<\/a><\/p>\n","protected":false},"excerpt":{"rendered":"<p>Diese Seiten und Menschen haben uns inspiriert und weitergeholfen: England to India: http:\/\/englandtoindia.blogspot.de Cycle-The-World: http:\/\/cycle-the-world.de ZweiNachShanghai: http:\/\/www.zweinachshanghai.de Tastingtravels: http:\/\/www.tastingtravels.com Radreise-Forum:\u00a0http:\/\/radreise-forum.de Middle East Excusion: http:\/\/www.middleeastexcursion.com Immer Nach Osten: http:\/\/www.immernachosten.de Nathalie &amp; J\u00e9r\u00e9mie, Inde \u00e1 Velo: http:\/\/inde-a-velo.jeremiebt.com F\u00fcr die Unterst\u00fctzung bedanken wir uns bei: Nordisk Swiss Eye Kompass Kim Langer Fahrr\u00e4der outdoorshop.de<\/p>\n","protected":false},"author":1,"featured_media":0,"parent":0,"menu_order":9,"comment_status":"open","ping_status":"open","template":"","meta":{"ngg_post_thumbnail":0},"_links":{"self":[{"href":"https:\/\/radeln-in-den-sonnenaufgang.de\/index.php?rest_route=\/wp\/v2\/pages\/124"}],"collection":[{"href":"https:\/\/radeln-in-den-sonnenaufgang.de\/index.php?rest_route=\/wp\/v2\/pages"}],"about":[{"href":"https:\/\/radeln-in-den-sonnenaufgang.de\/index.php?rest_route=\/wp\/v2\/types\/page"}],"author":[{"embeddable":true,"href":"https:\/\/radeln-in-den-sonnenaufgang.de\/index.php?rest_route=\/wp\/v2\/users\/1"}],"replies":[{"embeddable":true,"href":"https:\/\/radeln-in-den-sonnenaufgang.de\/index.php?rest_route=%2Fwp%2Fv2%2Fcomments&post=124"}],"version-history":[{"count":13,"href":"https:\/\/radeln-in-den-sonnenaufgang.de\/index.php?rest_route=\/wp\/v2\/pages\/124\/revisions"}],"predecessor-version":[{"id":197,"href":"https:\/\/radeln-in-den-sonnenaufgang.de\/index.php?rest_route=\/wp\/v2\/pages\/124\/revisions\/197"}],"wp:attachment":[{"href":"https:\/\/radeln-in-den-sonnenaufgang.de\/index.php?rest_route=%2Fwp%2Fv2%2Fmedia&parent=124"}],"curies":[{"name":"wp","href":"https:\/\/api.w.org\/{rel}","templated":true}]}}