{"id":128,"date":"2014-06-16T08:43:52","date_gmt":"2014-06-16T08:43:52","guid":{"rendered":"http:\/\/radeln-in-den-sonnenaufgang.de\/?page_id=128"},"modified":"2018-05-18T09:29:53","modified_gmt":"2018-05-18T09:29:53","slug":"impressum","status":"publish","type":"page","link":"https:\/\/radeln-in-den-sonnenaufgang.de\/?page_id=128","title":{"rendered":"Impressum &#038; Datenschutz"},"content":{"rendered":"<p>Bei Fragen und Anregungen zu dieser Webseite, bzw. dem Projekt ist jeder herzlich eingeladen uns an info{at}radeln-in-den-sonnenaufgang.de zu schreiben, bzw. einen Kommentar zu hinterlassen.<\/p>\n<p>Verantwortlich f\u00fcr diese Webseite und den Datenschutz ist:<\/p>\n<p>Julian Frey<br \/>\nRiesenweg 8<br \/>\nD-79110 Freiburg im Breisgau<br \/>\ninfo{at}radeln-in-den-sonnenaufgang.de<\/p>\n<p>http:\/\/radeln-in-den-sonnenaufgang.de speichert standardm\u00e4\u00dfig keine personenbezogenen Daten.<\/p>\n<h3>Kommentare und Cockies<\/h3>\n<p>Wenn du einen Kommentar auf unserer Website schreibst, kann das eine Einwilligung sein, deinen Namen, E-Mail-Adresse und Website in Cookies zu speichern. Dies ist eine Komfortfunktion, damit du nicht, wenn du einen weiteren Kommentar schreibst, all diese Daten erneut eingeben musst. Diese Cookies werden ein Jahr lang gespeichert.<\/p>\n<p>Falls du ein Konto hast und dich auf dieser Website anmeldest, werden wir ein tempor\u00e4res Cookie setzen, um festzustellen, ob dein Browser Cookies akzeptiert. Dieses Cookie enth\u00e4lt keine personenbezogenen Daten und wird verworfen, wenn du deinen Browser schlie\u00dft.<\/p>\n<p>Aus deiner E-Mail-Adresse kann eine anonymisierte Zeichenfolge erstellt (auch Hash genannt) und dem Gravatar-Dienst \u00fcbergeben werden, um zu pr\u00fcfen, ob du diesen benutzt. Die Datenschutzerkl\u00e4rung des Gravatar-Dienstes findest du hier: https:\/\/automattic.com\/privacy\/. Nachdem dein Kommentar freigegeben wurde, ist dein Profilbild \u00f6ffentlich im Kontext deines Kommentars sichtbar.<\/p>\n<p>Besucher-Kommentare k\u00f6nnten von einem automatisierten Dienst zur Spam-Erkennung untersucht werden.<\/p>\n<h3>Welche Rechte du an deinen Daten hast<\/h3>\n<p>Wenn du ein Konto auf dieser Website besitzt oder Kommentare geschrieben hast, kannst du einen Export deiner personenbezogenen Daten bei uns anfordern, inklusive aller Daten, die du uns mitgeteilt hast. Dar\u00fcber hinaus kannst du die L\u00f6schung aller personenbezogenen Daten, die wir von dir gespeichert haben, anfordern. Dies umfasst nicht die Daten, die wir aufgrund administrativer, rechtlicher oder sicherheitsrelevanter Notwendigkeiten aufbewahren m\u00fcssen.<\/p>\n<h3>Wie lange wir deine Daten Speichern<\/h3>\n<p>Wenn du einen Kommentar schreibst, wird dieser inklusive Metadaten zeitlich unbegrenzt gespeichert. Auf diese Art k\u00f6nnen wir Folgekommentare automatisch erkennen und freigeben, anstelle sie in einer Moderations-Warteschlange festzuhalten.<\/p>\n<p>F\u00fcr Benutzer, die sich auf unserer Website registrieren, speichern wir zus\u00e4tzlich die pers\u00f6nlichen Informationen, die sie in ihren Benutzerprofilen angeben. Alle Benutzer k\u00f6nnen jederzeit ihre pers\u00f6nlichen Informationen einsehen, ver\u00e4ndern oder l\u00f6schen (der Benutzername kann nicht ver\u00e4ndert werden). Administratoren der Website k\u00f6nnen diese Informationen ebenfalls einsehen und ver\u00e4ndern.<\/p>\n","protected":false},"excerpt":{"rendered":"<p>Bei Fragen und Anregungen zu dieser Webseite, bzw. dem Projekt ist jeder herzlich eingeladen uns an info{at}radeln-in-den-sonnenaufgang.de zu schreiben, bzw. einen Kommentar zu hinterlassen. Verantwortlich f\u00fcr diese Webseite und den Datenschutz ist: Julian Frey Riesenweg 8 D-79110 Freiburg im Breisgau info{at}radeln-in-den-sonnenaufgang.de http:\/\/radeln-in-den-sonnenaufgang.de speichert standardm\u00e4\u00dfig keine personenbezogenen Daten. Kommentare und Cockies Wenn du einen Kommentar auf &hellip; <a href=\"https:\/\/radeln-in-den-sonnenaufgang.de\/?page_id=128\" class=\"more-link\"><span class=\"screen-reader-text\">Impressum &#038; Datenschutz<\/span> weiterlesen <span class=\"meta-nav\">&rarr;<\/span><\/a><\/p>\n","protected":false},"author":1,"featured_media":0,"parent":0,"menu_order":10,"comment_status":"open","ping_status":"open","template":"","meta":{"ngg_post_thumbnail":0},"_links":{"self":[{"href":"https:\/\/radeln-in-den-sonnenaufgang.de\/index.php?rest_route=\/wp\/v2\/pages\/128"}],"collection":[{"href":"https:\/\/radeln-in-den-sonnenaufgang.de\/index.php?rest_route=\/wp\/v2\/pages"}],"about":[{"href":"https:\/\/radeln-in-den-sonnenaufgang.de\/index.php?rest_route=\/wp\/v2\/types\/page"}],"author":[{"embeddable":true,"href":"https:\/\/radeln-in-den-sonnenaufgang.de\/index.php?rest_route=\/wp\/v2\/users\/1"}],"replies":[{"embeddable":true,"href":"https:\/\/radeln-in-den-sonnenaufgang.de\/index.php?rest_route=%2Fwp%2Fv2%2Fcomments&post=128"}],"version-history":[{"count":8,"href":"https:\/\/radeln-in-den-sonnenaufgang.de\/index.php?rest_route=\/wp\/v2\/pages\/128\/revisions"}],"predecessor-version":[{"id":1554,"href":"https:\/\/radeln-in-den-sonnenaufgang.de\/index.php?rest_route=\/wp\/v2\/pages\/128\/revisions\/1554"}],"wp:attachment":[{"href":"https:\/\/radeln-in-den-sonnenaufgang.de\/index.php?rest_route=%2Fwp%2Fv2%2Fmedia&parent=128"}],"curies":[{"name":"wp","href":"https:\/\/api.w.org\/{rel}","templated":true}]}}