{"id":1424,"date":"2016-04-03T14:34:01","date_gmt":"2016-04-03T14:34:01","guid":{"rendered":"http:\/\/radeln-in-den-sonnenaufgang.de\/?page_id=1424"},"modified":"2016-04-03T14:41:29","modified_gmt":"2016-04-03T14:41:29","slug":"weitere-radreisen","status":"publish","type":"page","link":"https:\/\/radeln-in-den-sonnenaufgang.de\/?page_id=1424","title":{"rendered":"Weitere Radreisen"},"content":{"rendered":"<p>Als Radreisende verliert man nie die Leidenschaft wieder los zu ziehen und neue Wege zu finden, wenn wir nun los ziehen, wollen wir euch auch von unseren Erfahrungen auf weiteren Wegen teilhaben lassen. Als erstes kleines Projekt sind wir ein St\u00fcck entlang der <a href=\"http:\/\/radeln-in-den-sonnenaufgang.de\/?page_id=1426\">Rh\u00f4ne<\/a> geradelt. Weitere Beitr\u00e4ge werden sicher folgen.<\/p>\n","protected":false},"excerpt":{"rendered":"<p>Als Radreisende verliert man nie die Leidenschaft wieder los zu ziehen und neue Wege zu finden, wenn wir nun los ziehen, wollen wir euch auch von unseren Erfahrungen auf weiteren Wegen teilhaben lassen. Als erstes kleines Projekt sind wir ein St\u00fcck entlang der Rh\u00f4ne geradelt. Weitere Beitr\u00e4ge werden sicher folgen.<\/p>\n","protected":false},"author":1,"featured_media":0,"parent":0,"menu_order":4,"comment_status":"closed","ping_status":"closed","template":"","meta":{"ngg_post_thumbnail":0},"_links":{"self":[{"href":"https:\/\/radeln-in-den-sonnenaufgang.de\/index.php?rest_route=\/wp\/v2\/pages\/1424"}],"collection":[{"href":"https:\/\/radeln-in-den-sonnenaufgang.de\/index.php?rest_route=\/wp\/v2\/pages"}],"about":[{"href":"https:\/\/radeln-in-den-sonnenaufgang.de\/index.php?rest_route=\/wp\/v2\/types\/page"}],"author":[{"embeddable":true,"href":"https:\/\/radeln-in-den-sonnenaufgang.de\/index.php?rest_route=\/wp\/v2\/users\/1"}],"replies":[{"embeddable":true,"href":"https:\/\/radeln-in-den-sonnenaufgang.de\/index.php?rest_route=%2Fwp%2Fv2%2Fcomments&post=1424"}],"version-history":[{"count":3,"href":"https:\/\/radeln-in-den-sonnenaufgang.de\/index.php?rest_route=\/wp\/v2\/pages\/1424\/revisions"}],"predecessor-version":[{"id":1435,"href":"https:\/\/radeln-in-den-sonnenaufgang.de\/index.php?rest_route=\/wp\/v2\/pages\/1424\/revisions\/1435"}],"wp:attachment":[{"href":"https:\/\/radeln-in-den-sonnenaufgang.de\/index.php?rest_route=%2Fwp%2Fv2%2Fmedia&parent=1424"}],"curies":[{"name":"wp","href":"https:\/\/api.w.org\/{rel}","templated":true}]}}